{"id":2,"date":"2016-11-24T00:14:27","date_gmt":"2016-11-23T22:14:27","guid":{"rendered":"http:\/\/maha.ro\/?page_id=2"},"modified":"2024-03-26T06:05:13","modified_gmt":"2024-03-26T04:05:13","slug":"pagina-exemplu","status":"publish","type":"page","link":"https:\/\/maha.ro\/home\/","title":{"rendered":""},"content":{"rendered":"\t\t<div data-elementor-type=\"wp-page\" data-elementor-id=\"2\" class=\"elementor elementor-2\" data-elementor-settings=\"[]\">\n\t\t\t<div class=\"elementor-inner\">\n\t\t\t\t<div class=\"elementor-section-wrap\">\n\t\t\t\t\t\t\t<section class=\"elementor-element elementor-element-251fd4ea elementor-section-boxed elementor-section-height-default elementor-section-height-default elementor-section elementor-top-section\" data-id=\"251fd4ea\" data-element_type=\"section\">\n\t\t\t\t\t\t<div class=\"elementor-container elementor-column-gap-default\">\n\t\t\t\t<div class=\"elementor-row\">\n\t\t\t\t<div class=\"elementor-element elementor-element-1acc5241 elementor-column elementor-col-100 elementor-top-column\" data-id=\"1acc5241\" data-element_type=\"column\">\n\t\t\t<div class=\"elementor-column-wrap  elementor-element-populated\">\n\t\t\t\t\t<div class=\"elementor-widget-wrap\">\n\t\t\t\t<div class=\"elementor-element elementor-element-3f46224d elementor-widget elementor-widget-text-editor\" data-id=\"3f46224d\" data-element_type=\"widget\" data-widget_type=\"text-editor.default\">\n\t\t\t\t<div class=\"elementor-widget-container\">\n\t\t\t\t\t<div class=\"elementor-text-editor elementor-clearfix\"><hr \/><p style=\"text-align: center;\"><span style=\"color: #0000ff; font-size: 18pt;\">Bun venit pe Portalul de servicii \u015fi produse <strong>MAHA<\/strong><\/span><\/p><\/div>\n\t\t\t\t<\/div>\n\t\t\t\t<\/div>\n\t\t\t\t\t\t<\/div>\n\t\t\t<\/div>\n\t\t<\/div>\n\t\t\t\t\t\t<\/div>\n\t\t\t<\/div>\n\t\t<\/section>\n\t\t\t\t<section class=\"elementor-element elementor-element-c125994 elementor-section-boxed elementor-section-height-default elementor-section-height-default elementor-section elementor-top-section\" data-id=\"c125994\" data-element_type=\"section\">\n\t\t\t\t\t\t<div class=\"elementor-container elementor-column-gap-default\">\n\t\t\t\t<div class=\"elementor-row\">\n\t\t\t\t<div class=\"elementor-element elementor-element-ff24b2a elementor-invisible elementor-column elementor-col-50 elementor-top-column\" data-id=\"ff24b2a\" data-element_type=\"column\" data-settings=\"{&quot;animation&quot;:&quot;fadeIn&quot;}\">\n\t\t\t<div class=\"elementor-column-wrap  elementor-element-populated\">\n\t\t\t\t\t<div class=\"elementor-widget-wrap\">\n\t\t\t\t<div class=\"elementor-element elementor-element-977ba92 elementor-widget elementor-widget-text-editor\" data-id=\"977ba92\" data-element_type=\"widget\" data-widget_type=\"text-editor.default\">\n\t\t\t\t<div class=\"elementor-widget-container\">\n\t\t\t\t\t<div class=\"elementor-text-editor elementor-clearfix\"><p style=\"text-align: justify;\"><strong><span style=\"color: #ff0000; font-size: 18pt;\">Interfa\u0163a grafic\u0103, oferta de servicii \u015fi produse \u015fi op\u0163iunile tehnice oferite pe acest site sunt \u00een curs de implementare, adaptare \u015fi update global.<\/span><\/strong><\/p><\/div>\n\t\t\t\t<\/div>\n\t\t\t\t<\/div>\n\t\t\t\t\t\t<\/div>\n\t\t\t<\/div>\n\t\t<\/div>\n\t\t\t\t<div class=\"elementor-element elementor-element-f811ad8 elementor-invisible elementor-column elementor-col-50 elementor-top-column\" data-id=\"f811ad8\" data-element_type=\"column\" data-settings=\"{&quot;animation&quot;:&quot;fadeIn&quot;}\">\n\t\t\t<div class=\"elementor-column-wrap  elementor-element-populated\">\n\t\t\t\t\t<div class=\"elementor-widget-wrap\">\n\t\t\t\t<div class=\"elementor-element elementor-element-908125f elementor-widget elementor-widget-text-editor\" data-id=\"908125f\" data-element_type=\"widget\" data-widget_type=\"text-editor.default\">\n\t\t\t\t<div class=\"elementor-widget-container\">\n\t\t\t\t\t<div class=\"elementor-text-editor elementor-clearfix\"><p style=\"text-align: justify;\"><strong><span style=\"color: #000000;\">Din acest motiv pot exista unele disfunc\u0163ii \u00een cazul interfa\u0163ei grafice, a unor op\u0163iuni tehnice \u015fi organizatorice, editare de text \u015fi alte posibile erori. Lucr\u0103m la toate nivelele, pentru interfa\u0163a grafic\u0103 a site-ului, integrare op\u0163iunilor de selectare produse sau servicii, interac\u0163iunea \u00eentre diferitele sec\u0163iuni ale site-ului \u015fi gestiunea comun\u0103 a acestei palete de oferte.<\/span><\/strong><\/p>\n<p style=\"text-align: justify;\"><strong><span style=\"color: #000000;\"><u>Am implementat \u015fi verificat deja \u015fi sistemul de plat\u0103 cu cardul<\/u> \u015fi urm\u0103rim s\u0103 ne facem prezen\u0163a \u015fi pe alte platforme de v\u00e2nz\u0103ri globale mai importante \u015fi mai cunoscute de la noi \u0163ar\u0103 \u015fi chiar \u015fi din afara Rom\u00e2niei.<\/span><\/strong><\/p><\/div>\n\t\t\t\t<\/div>\n\t\t\t\t<\/div>\n\t\t\t\t\t\t<\/div>\n\t\t\t<\/div>\n\t\t<\/div>\n\t\t\t\t\t\t<\/div>\n\t\t\t<\/div>\n\t\t<\/section>\n\t\t\t\t<section class=\"elementor-element elementor-element-64fce5c animated-slow elementor-section-boxed elementor-section-height-default elementor-section-height-default elementor-invisible elementor-section elementor-top-section\" data-id=\"64fce5c\" data-element_type=\"section\" data-settings=\"{&quot;animation&quot;:&quot;fadeInUp&quot;}\">\n\t\t\t\t\t\t<div class=\"elementor-container elementor-column-gap-default\">\n\t\t\t\t<div class=\"elementor-row\">\n\t\t\t\t<div class=\"elementor-element elementor-element-c15b471 elementor-column elementor-col-100 elementor-top-column\" data-id=\"c15b471\" data-element_type=\"column\">\n\t\t\t<div class=\"elementor-column-wrap  elementor-element-populated\">\n\t\t\t\t\t<div class=\"elementor-widget-wrap\">\n\t\t\t\t<div class=\"elementor-element elementor-element-e687ba8 elementor-invisible elementor-widget elementor-widget-text-editor\" data-id=\"e687ba8\" data-element_type=\"widget\" data-settings=\"{&quot;_animation&quot;:&quot;none&quot;}\" data-widget_type=\"text-editor.default\">\n\t\t\t\t<div class=\"elementor-widget-container\">\n\t\t\t\t\t<div class=\"elementor-text-editor elementor-clearfix\"><p style=\"text-align: center;\"><span style=\"font-size: 12pt;\"><strong><span style=\"color: #0000ff;\"><em>Ne cerem scuze pentru eventualele erori sau inadverten\u0163ele care mai pot apare \u00een cursul acestui proces de update global.<\/em><\/span><\/strong><\/span><\/p><\/div>\n\t\t\t\t<\/div>\n\t\t\t\t<\/div>\n\t\t\t\t\t\t<\/div>\n\t\t\t<\/div>\n\t\t<\/div>\n\t\t\t\t\t\t<\/div>\n\t\t\t<\/div>\n\t\t<\/section>\n\t\t\t\t<section class=\"elementor-element elementor-element-2def04e elementor-section-boxed elementor-section-height-default elementor-section-height-default elementor-section elementor-top-section\" data-id=\"2def04e\" data-element_type=\"section\">\n\t\t\t\t\t\t<div class=\"elementor-container elementor-column-gap-default\">\n\t\t\t\t<div class=\"elementor-row\">\n\t\t\t\t<div class=\"elementor-element elementor-element-5b6ca41 elementor-column elementor-col-25 elementor-top-column\" data-id=\"5b6ca41\" data-element_type=\"column\">\n\t\t\t<div class=\"elementor-column-wrap  elementor-element-populated\">\n\t\t\t\t\t<div class=\"elementor-widget-wrap\">\n\t\t\t\t<div class=\"elementor-element elementor-element-7999504 elementor-widget elementor-widget-heading\" data-id=\"7999504\" data-element_type=\"widget\" data-widget_type=\"heading.default\">\n\t\t\t\t<div class=\"elementor-widget-container\">\n\t\t\t<h5 class=\"elementor-heading-title elementor-size-default\"><a href=\"https:\/\/maha.ro\/home\/livrare-si-plata\/\">Livrare \u015fi plat\u0103<\/a><\/h5>\t\t<\/div>\n\t\t\t\t<\/div>\n\t\t\t\t\t\t<\/div>\n\t\t\t<\/div>\n\t\t<\/div>\n\t\t\t\t<div class=\"elementor-element elementor-element-eea0793 elementor-column elementor-col-25 elementor-top-column\" data-id=\"eea0793\" data-element_type=\"column\">\n\t\t\t<div class=\"elementor-column-wrap  elementor-element-populated\">\n\t\t\t\t\t<div class=\"elementor-widget-wrap\">\n\t\t\t\t<div class=\"elementor-element elementor-element-974d90f elementor-widget elementor-widget-heading\" data-id=\"974d90f\" data-element_type=\"widget\" data-widget_type=\"heading.default\">\n\t\t\t\t<div class=\"elementor-widget-container\">\n\t\t\t<h5 class=\"elementor-heading-title elementor-size-default\"><a href=\"https:\/\/maha.ro\/home\/termeni_conditii\/\">Termeni \u015fi condi\u0163ii<\/a><\/h5>\t\t<\/div>\n\t\t\t\t<\/div>\n\t\t\t\t\t\t<\/div>\n\t\t\t<\/div>\n\t\t<\/div>\n\t\t\t\t<div class=\"elementor-element elementor-element-b613840 elementor-column elementor-col-25 elementor-top-column\" data-id=\"b613840\" data-element_type=\"column\">\n\t\t\t<div class=\"elementor-column-wrap  elementor-element-populated\">\n\t\t\t\t\t<div class=\"elementor-widget-wrap\">\n\t\t\t\t<div class=\"elementor-element elementor-element-6b9e84e elementor-widget elementor-widget-heading\" data-id=\"6b9e84e\" data-element_type=\"widget\" data-widget_type=\"heading.default\">\n\t\t\t\t<div class=\"elementor-widget-container\">\n\t\t\t<h5 class=\"elementor-heading-title elementor-size-default\"><a href=\"https:\/\/maha.ro\/home\/garantie-si-returnare\/\">Garan\u0163ie \u015fi Returnare<\/a><\/h5>\t\t<\/div>\n\t\t\t\t<\/div>\n\t\t\t\t\t\t<\/div>\n\t\t\t<\/div>\n\t\t<\/div>\n\t\t\t\t<div class=\"elementor-element elementor-element-cff02e4 elementor-column elementor-col-25 elementor-top-column\" data-id=\"cff02e4\" data-element_type=\"column\">\n\t\t\t<div class=\"elementor-column-wrap  elementor-element-populated\">\n\t\t\t\t\t<div class=\"elementor-widget-wrap\">\n\t\t\t\t<div class=\"elementor-element elementor-element-34e8011 elementor-widget elementor-widget-heading\" data-id=\"34e8011\" data-element_type=\"widget\" data-widget_type=\"heading.default\">\n\t\t\t\t<div class=\"elementor-widget-container\">\n\t\t\t<h5 class=\"elementor-heading-title elementor-size-default\"><a href=\"https:\/\/maha.ro\/home\/politica-de-anulare-si-retur\/\">Politica de Anulare \u015fi Retur<\/a><\/h5>\t\t<\/div>\n\t\t\t\t<\/div>\n\t\t\t\t\t\t<\/div>\n\t\t\t<\/div>\n\t\t<\/div>\n\t\t\t\t\t\t<\/div>\n\t\t\t<\/div>\n\t\t<\/section>\n\t\t\t\t\t\t<\/div>\n\t\t\t<\/div>\n\t\t<\/div>\n\t\t","protected":false},"excerpt":{"rendered":"\n<p style=\"text-align: center;\">Bun venit pe Portalul de servicii \u015fi produse MAHA<\/p>\n<p style=\"text-align: justify;\">Interfa\u0163a grafic\u0103, oferta de servicii \u015fi produse \u015fi op\u0163iunile tehnice oferite pe acest site sunt \u00een curs de implementare, adaptare \u015fi update global.<\/p>\n<p style=\"text-align: justify;\">Din acest motiv pot exista unele disfunc\u0163ii \u00een cazul interfa\u0163ei grafice, a unor op\u0163iuni tehnice \u015fi [&#8230;]<\/p>\n","protected":false},"author":1,"featured_media":0,"parent":0,"menu_order":0,"comment_status":"closed","ping_status":"closed","template":"","meta":{"footnotes":""},"class_list":["post-2","page","type-page","status-publish","hentry","odd"],"_links":{"self":[{"href":"https:\/\/maha.ro\/home\/wp-json\/wp\/v2\/pages\/2","targetHints":{"allow":["GET"]}}],"collection":[{"href":"https:\/\/maha.ro\/home\/wp-json\/wp\/v2\/pages"}],"about":[{"href":"https:\/\/maha.ro\/home\/wp-json\/wp\/v2\/types\/page"}],"author":[{"embeddable":true,"href":"https:\/\/maha.ro\/home\/wp-json\/wp\/v2\/users\/1"}],"replies":[{"embeddable":true,"href":"https:\/\/maha.ro\/home\/wp-json\/wp\/v2\/comments?post=2"}],"version-history":[{"count":35,"href":"https:\/\/maha.ro\/home\/wp-json\/wp\/v2\/pages\/2\/revisions"}],"predecessor-version":[{"id":351,"href":"https:\/\/maha.ro\/home\/wp-json\/wp\/v2\/pages\/2\/revisions\/351"}],"wp:attachment":[{"href":"https:\/\/maha.ro\/home\/wp-json\/wp\/v2\/media?parent=2"}],"curies":[{"name":"wp","href":"https:\/\/api.w.org\/{rel}","templated":true}]}}