{"id":126,"date":"2022-11-13T01:56:04","date_gmt":"2022-11-12T23:56:04","guid":{"rendered":"https:\/\/maha.ro\/home\/?post_type=product&#038;p=126"},"modified":"2025-02-27T02:57:49","modified_gmt":"2025-02-27T00:57:49","slug":"servicii-it-remote-control-de-la-distanta-cu-abonament-lunar","status":"publish","type":"product","link":"https:\/\/maha.ro\/home\/produs\/servicii-it-remote-control-de-la-distanta-cu-abonament-lunar\/","title":{"rendered":"Servicii IT Remote Control (de la distan\u0163\u0103) cu abonament lunar"},"content":{"rendered":"<p>Servicii IT prin Remote Control (de la distan\u0163\u0103) &#8211; <strong>cu abonament lunar<\/strong><\/p>\n","protected":false},"excerpt":{"rendered":"<p>Abonament lunar [&#8230;]<\/p>\n","protected":false},"featured_media":137,"comment_status":"closed","ping_status":"closed","template":"","meta":[],"product_brand":[],"product_cat":[20,22],"product_tag":[],"class_list":{"0":"post-126","1":"product","2":"type-product","3":"status-publish","4":"has-post-thumbnail","6":"product_cat-servicii-it","7":"product_cat-servicii-it-remote-control-cu-abonament-lunar","8":"odd","10":"first","11":"instock","12":"virtual","13":"purchasable","14":"product-type-simple"},"_links":{"self":[{"href":"https:\/\/maha.ro\/home\/wp-json\/wp\/v2\/product\/126","targetHints":{"allow":["GET"]}}],"collection":[{"href":"https:\/\/maha.ro\/home\/wp-json\/wp\/v2\/product"}],"about":[{"href":"https:\/\/maha.ro\/home\/wp-json\/wp\/v2\/types\/product"}],"replies":[{"embeddable":true,"href":"https:\/\/maha.ro\/home\/wp-json\/wp\/v2\/comments?post=126"}],"wp:featuredmedia":[{"embeddable":true,"href":"https:\/\/maha.ro\/home\/wp-json\/wp\/v2\/media\/137"}],"wp:attachment":[{"href":"https:\/\/maha.ro\/home\/wp-json\/wp\/v2\/media?parent=126"}],"wp:term":[{"taxonomy":"product_brand","embeddable":true,"href":"https:\/\/maha.ro\/home\/wp-json\/wp\/v2\/product_brand?post=126"},{"taxonomy":"product_cat","embeddable":true,"href":"https:\/\/maha.ro\/home\/wp-json\/wp\/v2\/product_cat?post=126"},{"taxonomy":"product_tag","embeddable":true,"href":"https:\/\/maha.ro\/home\/wp-json\/wp\/v2\/product_tag?post=126"}],"curies":[{"name":"wp","href":"https:\/\/api.w.org\/{rel}","templated":true}]}}