{"id":131,"date":"2022-11-13T02:01:51","date_gmt":"2022-11-13T00:01:51","guid":{"rendered":"https:\/\/maha.ro\/home\/?post_type=product&#038;p=131"},"modified":"2025-02-27T02:58:43","modified_gmt":"2025-02-27T00:58:43","slug":"servicii-it-remote-control-la-distanta-interventii-urgente","status":"publish","type":"product","link":"https:\/\/maha.ro\/home\/produs\/servicii-it-remote-control-la-distanta-interventii-urgente\/","title":{"rendered":"Servicii IT &#8211; Remote control (la distan\u0163\u0103) &#8211; Interven\u0163ii urgente"},"content":{"rendered":"<p>Servicii IT &#8211; Remote control (la distan\u0163\u0103) &#8211; <strong>Interven\u0163ii urgente (24\/24 &#8211; 7\/7)<\/strong><\/p>\n","protected":false},"excerpt":{"rendered":"<p>Servicii IT &#8211; Remote control (la distan\u0163\u0103) &#8211; <strong>Interven\u0163ii urgente (24\/24 &#8211; 7\/7)<\/strong> [&#8230;]<\/p>\n","protected":false},"featured_media":128,"comment_status":"closed","ping_status":"closed","template":"","meta":[],"product_brand":[],"product_cat":[20,21],"product_tag":[],"class_list":{"0":"post-131","1":"product","2":"type-product","3":"status-publish","4":"has-post-thumbnail","6":"product_cat-servicii-it","7":"product_cat-servicii-remote-control-urgente","8":"odd","10":"first","11":"instock","12":"virtual","13":"purchasable","14":"product-type-simple"},"_links":{"self":[{"href":"https:\/\/maha.ro\/home\/wp-json\/wp\/v2\/product\/131","targetHints":{"allow":["GET"]}}],"collection":[{"href":"https:\/\/maha.ro\/home\/wp-json\/wp\/v2\/product"}],"about":[{"href":"https:\/\/maha.ro\/home\/wp-json\/wp\/v2\/types\/product"}],"replies":[{"embeddable":true,"href":"https:\/\/maha.ro\/home\/wp-json\/wp\/v2\/comments?post=131"}],"wp:featuredmedia":[{"embeddable":true,"href":"https:\/\/maha.ro\/home\/wp-json\/wp\/v2\/media\/128"}],"wp:attachment":[{"href":"https:\/\/maha.ro\/home\/wp-json\/wp\/v2\/media?parent=131"}],"wp:term":[{"taxonomy":"product_brand","embeddable":true,"href":"https:\/\/maha.ro\/home\/wp-json\/wp\/v2\/product_brand?post=131"},{"taxonomy":"product_cat","embeddable":true,"href":"https:\/\/maha.ro\/home\/wp-json\/wp\/v2\/product_cat?post=131"},{"taxonomy":"product_tag","embeddable":true,"href":"https:\/\/maha.ro\/home\/wp-json\/wp\/v2\/product_tag?post=131"}],"curies":[{"name":"wp","href":"https:\/\/api.w.org\/{rel}","templated":true}]}}