{"id":135,"date":"2022-11-13T02:30:57","date_gmt":"2022-11-13T00:30:57","guid":{"rendered":"https:\/\/maha.ro\/home\/?post_type=product&#038;p=135"},"modified":"2024-01-05T01:30:05","modified_gmt":"2024-01-04T23:30:05","slug":"servicii-it-cu-deplasare-la-sediul-clientului","status":"publish","type":"product","link":"https:\/\/maha.ro\/home\/produs\/servicii-it-cu-deplasare-la-sediul-clientului\/","title":{"rendered":"Servicii IT &#8211; cu deplasare la sediul clientului"},"content":{"rendered":"<p>Servicii IT &#8211; <strong>cu deplasare la sediul clientului<\/strong><\/p>\n","protected":false},"excerpt":{"rendered":"<p>Servicii IT &#8211; <strong>cu deplasare la sediul clientului<\/strong>. Dac\u0103 interven\u0163ia dureaz\u0103 mai mult de 3 ore, deplasarea este gratuit\u0103 ! [&#8230;]<\/p>\n","protected":false},"featured_media":130,"comment_status":"closed","ping_status":"closed","template":"","meta":[],"product_brand":[],"product_cat":[20,24],"product_tag":[],"class_list":{"0":"post-135","1":"product","2":"type-product","3":"status-publish","4":"has-post-thumbnail","6":"product_cat-servicii-it","7":"product_cat-servicii-it-cu-deplasare-la-sediul-clientului","8":"odd","10":"first","11":"instock","12":"virtual","13":"purchasable","14":"product-type-simple"},"_links":{"self":[{"href":"https:\/\/maha.ro\/home\/wp-json\/wp\/v2\/product\/135","targetHints":{"allow":["GET"]}}],"collection":[{"href":"https:\/\/maha.ro\/home\/wp-json\/wp\/v2\/product"}],"about":[{"href":"https:\/\/maha.ro\/home\/wp-json\/wp\/v2\/types\/product"}],"replies":[{"embeddable":true,"href":"https:\/\/maha.ro\/home\/wp-json\/wp\/v2\/comments?post=135"}],"wp:featuredmedia":[{"embeddable":true,"href":"https:\/\/maha.ro\/home\/wp-json\/wp\/v2\/media\/130"}],"wp:attachment":[{"href":"https:\/\/maha.ro\/home\/wp-json\/wp\/v2\/media?parent=135"}],"wp:term":[{"taxonomy":"product_brand","embeddable":true,"href":"https:\/\/maha.ro\/home\/wp-json\/wp\/v2\/product_brand?post=135"},{"taxonomy":"product_cat","embeddable":true,"href":"https:\/\/maha.ro\/home\/wp-json\/wp\/v2\/product_cat?post=135"},{"taxonomy":"product_tag","embeddable":true,"href":"https:\/\/maha.ro\/home\/wp-json\/wp\/v2\/product_tag?post=135"}],"curies":[{"name":"wp","href":"https:\/\/api.w.org\/{rel}","templated":true}]}}